{"id":2,"date":"2026-04-06T12:53:00","date_gmt":"2026-04-06T12:53:00","guid":{"rendered":"https:\/\/reshi.com.br\/?page_id=2"},"modified":"2026-04-06T14:06:10","modified_gmt":"2026-04-06T14:06:10","slug":"sample-page","status":"publish","type":"page","link":"https:\/\/reshi.com.br\/index.php\/sample-page\/","title":{"rendered":"RESHI &#8211; El\u00e9trica Inteligente"},"content":{"rendered":"\n<p><\/p>\n\n\n\n<p class=\"has-large-font-size\">A RESHI \u00e9 uma empresa que nasce com a experi\u00eancia e mais de 25 anos no mercado de tecnologia, aliado as mais novas tend\u00eancias e produtos para automa\u00e7\u00e3o residencial, proporcionando ao cliente projetos el\u00e9tricos modernos, seguros e com um excelente custo benef\u00edcio.<br><br>Nossa miss\u00e3o \u00e9 desmistificar o pensamento de que produtos modernos s\u00e3o caros e inacess\u00edveis. O mercado de material el\u00e9trico evoluiu muito e essa evolu\u00e7\u00e3o trouxe tamb\u00e9m materiais mais acess\u00edveis e com uma grande variedade de aplica\u00e7\u00f5es sem necessitar de grandes reformas e modifica\u00e7\u00f5es agressivas na infraestrutura do im\u00f3vel.<br><br>Nos chame para uma conversa sem compromisso e se surpreenda com o temos para lhe apresentar.<br><br>Nosso WhatsApp \u00e9 o 43 99112-6952.<\/p>\n","protected":false},"excerpt":{"rendered":"<p>A RESHI \u00e9 uma empresa que nasce com a experi\u00eancia e mais de 25 anos no mercado de tecnologia, aliado as mais novas tend\u00eancias e produtos para automa\u00e7\u00e3o residencial, proporcionando ao cliente projetos el\u00e9tricos modernos, seguros e com um excelente custo benef\u00edcio. Nossa miss\u00e3o \u00e9 desmistificar o pensamento de que produtos modernos s\u00e3o caros e&#8230;<\/p>\n","protected":false},"author":1,"featured_media":13,"parent":0,"menu_order":0,"comment_status":"closed","ping_status":"open","template":"","meta":{"footnotes":""},"class_list":["post-2","page","type-page","status-publish","has-post-thumbnail","hentry"],"yoast_head":"<!-- This site is optimized with the Yoast SEO plugin v27.3 - https:\/\/yoast.com\/product\/yoast-seo-wordpress\/ -->\n<title>RESHI - El\u00e9trica Inteligente - RESHI El\u00e9trica Inteligente<\/title>\n<meta name=\"robots\" content=\"index, follow, max-snippet:-1, max-image-preview:large, max-video-preview:-1\" \/>\n<link rel=\"canonical\" href=\"https:\/\/reshi.com.br\/index.php\/sample-page\/\" \/>\n<meta property=\"og:locale\" content=\"pt_BR\" \/>\n<meta property=\"og:type\" content=\"article\" \/>\n<meta property=\"og:title\" content=\"RESHI - El\u00e9trica Inteligente - RESHI El\u00e9trica Inteligente\" \/>\n<meta property=\"og:description\" content=\"A RESHI \u00e9 uma empresa que nasce com a experi\u00eancia e mais de 25 anos no mercado de tecnologia, aliado as mais novas tend\u00eancias e produtos para automa\u00e7\u00e3o residencial, proporcionando ao cliente projetos el\u00e9tricos modernos, seguros e com um excelente custo benef\u00edcio. Nossa miss\u00e3o \u00e9 desmistificar o pensamento de que produtos modernos s\u00e3o caros e...\" \/>\n<meta property=\"og:url\" content=\"https:\/\/reshi.com.br\/index.php\/sample-page\/\" \/>\n<meta property=\"og:site_name\" content=\"RESHI El\u00e9trica Inteligente\" \/>\n<meta property=\"article:modified_time\" content=\"2026-04-06T14:06:10+00:00\" \/>\n<meta property=\"og:image\" content=\"https:\/\/reshi.com.br\/wp-content\/uploads\/2026\/04\/RESHI-fundo-cinza-e1775484253482.png\" \/>\n\t<meta property=\"og:image:width\" content=\"1206\" \/>\n\t<meta property=\"og:image:height\" content=\"624\" \/>\n\t<meta property=\"og:image:type\" content=\"image\/png\" \/>\n<meta name=\"twitter:card\" content=\"summary_large_image\" \/>\n<meta name=\"twitter:label1\" content=\"Est. tempo de leitura\" \/>\n\t<meta name=\"twitter:data1\" content=\"1 minuto\" \/>\n<script type=\"application\/ld+json\" class=\"yoast-schema-graph\">{\"@context\":\"https:\\\/\\\/schema.org\",\"@graph\":[{\"@type\":\"WebPage\",\"@id\":\"https:\\\/\\\/reshi.com.br\\\/index.php\\\/sample-page\\\/\",\"url\":\"https:\\\/\\\/reshi.com.br\\\/index.php\\\/sample-page\\\/\",\"name\":\"RESHI - El\u00e9trica Inteligente - RESHI El\u00e9trica Inteligente\",\"isPartOf\":{\"@id\":\"https:\\\/\\\/reshi.com.br\\\/#website\"},\"primaryImageOfPage\":{\"@id\":\"https:\\\/\\\/reshi.com.br\\\/index.php\\\/sample-page\\\/#primaryimage\"},\"image\":{\"@id\":\"https:\\\/\\\/reshi.com.br\\\/index.php\\\/sample-page\\\/#primaryimage\"},\"thumbnailUrl\":\"https:\\\/\\\/reshi.com.br\\\/wp-content\\\/uploads\\\/2026\\\/04\\\/RESHI-fundo-cinza-e1775484253482.png\",\"datePublished\":\"2026-04-06T12:53:00+00:00\",\"dateModified\":\"2026-04-06T14:06:10+00:00\",\"breadcrumb\":{\"@id\":\"https:\\\/\\\/reshi.com.br\\\/index.php\\\/sample-page\\\/#breadcrumb\"},\"inLanguage\":\"pt-BR\",\"potentialAction\":[{\"@type\":\"ReadAction\",\"target\":[\"https:\\\/\\\/reshi.com.br\\\/index.php\\\/sample-page\\\/\"]}]},{\"@type\":\"ImageObject\",\"inLanguage\":\"pt-BR\",\"@id\":\"https:\\\/\\\/reshi.com.br\\\/index.php\\\/sample-page\\\/#primaryimage\",\"url\":\"https:\\\/\\\/reshi.com.br\\\/wp-content\\\/uploads\\\/2026\\\/04\\\/RESHI-fundo-cinza-e1775484253482.png\",\"contentUrl\":\"https:\\\/\\\/reshi.com.br\\\/wp-content\\\/uploads\\\/2026\\\/04\\\/RESHI-fundo-cinza-e1775484253482.png\",\"width\":1206,\"height\":624},{\"@type\":\"BreadcrumbList\",\"@id\":\"https:\\\/\\\/reshi.com.br\\\/index.php\\\/sample-page\\\/#breadcrumb\",\"itemListElement\":[{\"@type\":\"ListItem\",\"position\":1,\"name\":\"In\u00edcio\",\"item\":\"https:\\\/\\\/reshi.com.br\\\/\"},{\"@type\":\"ListItem\",\"position\":2,\"name\":\"RESHI &#8211; El\u00e9trica Inteligente\"}]},{\"@type\":\"WebSite\",\"@id\":\"https:\\\/\\\/reshi.com.br\\\/#website\",\"url\":\"https:\\\/\\\/reshi.com.br\\\/\",\"name\":\"RESHI El\u00e9trica Inteligente\",\"description\":\"\",\"potentialAction\":[{\"@type\":\"SearchAction\",\"target\":{\"@type\":\"EntryPoint\",\"urlTemplate\":\"https:\\\/\\\/reshi.com.br\\\/?s={search_term_string}\"},\"query-input\":{\"@type\":\"PropertyValueSpecification\",\"valueRequired\":true,\"valueName\":\"search_term_string\"}}],\"inLanguage\":\"pt-BR\"}]}<\/script>\n<!-- \/ Yoast SEO plugin. -->","yoast_head_json":{"title":"RESHI - El\u00e9trica Inteligente - RESHI El\u00e9trica Inteligente","robots":{"index":"index","follow":"follow","max-snippet":"max-snippet:-1","max-image-preview":"max-image-preview:large","max-video-preview":"max-video-preview:-1"},"canonical":"https:\/\/reshi.com.br\/index.php\/sample-page\/","og_locale":"pt_BR","og_type":"article","og_title":"RESHI - El\u00e9trica Inteligente - RESHI El\u00e9trica Inteligente","og_description":"A RESHI \u00e9 uma empresa que nasce com a experi\u00eancia e mais de 25 anos no mercado de tecnologia, aliado as mais novas tend\u00eancias e produtos para automa\u00e7\u00e3o residencial, proporcionando ao cliente projetos el\u00e9tricos modernos, seguros e com um excelente custo benef\u00edcio. Nossa miss\u00e3o \u00e9 desmistificar o pensamento de que produtos modernos s\u00e3o caros e...","og_url":"https:\/\/reshi.com.br\/index.php\/sample-page\/","og_site_name":"RESHI El\u00e9trica Inteligente","article_modified_time":"2026-04-06T14:06:10+00:00","og_image":[{"width":1206,"height":624,"url":"https:\/\/reshi.com.br\/wp-content\/uploads\/2026\/04\/RESHI-fundo-cinza-e1775484253482.png","type":"image\/png"}],"twitter_card":"summary_large_image","twitter_misc":{"Est. tempo de leitura":"1 minuto"},"schema":{"@context":"https:\/\/schema.org","@graph":[{"@type":"WebPage","@id":"https:\/\/reshi.com.br\/index.php\/sample-page\/","url":"https:\/\/reshi.com.br\/index.php\/sample-page\/","name":"RESHI - El\u00e9trica Inteligente - RESHI El\u00e9trica Inteligente","isPartOf":{"@id":"https:\/\/reshi.com.br\/#website"},"primaryImageOfPage":{"@id":"https:\/\/reshi.com.br\/index.php\/sample-page\/#primaryimage"},"image":{"@id":"https:\/\/reshi.com.br\/index.php\/sample-page\/#primaryimage"},"thumbnailUrl":"https:\/\/reshi.com.br\/wp-content\/uploads\/2026\/04\/RESHI-fundo-cinza-e1775484253482.png","datePublished":"2026-04-06T12:53:00+00:00","dateModified":"2026-04-06T14:06:10+00:00","breadcrumb":{"@id":"https:\/\/reshi.com.br\/index.php\/sample-page\/#breadcrumb"},"inLanguage":"pt-BR","potentialAction":[{"@type":"ReadAction","target":["https:\/\/reshi.com.br\/index.php\/sample-page\/"]}]},{"@type":"ImageObject","inLanguage":"pt-BR","@id":"https:\/\/reshi.com.br\/index.php\/sample-page\/#primaryimage","url":"https:\/\/reshi.com.br\/wp-content\/uploads\/2026\/04\/RESHI-fundo-cinza-e1775484253482.png","contentUrl":"https:\/\/reshi.com.br\/wp-content\/uploads\/2026\/04\/RESHI-fundo-cinza-e1775484253482.png","width":1206,"height":624},{"@type":"BreadcrumbList","@id":"https:\/\/reshi.com.br\/index.php\/sample-page\/#breadcrumb","itemListElement":[{"@type":"ListItem","position":1,"name":"In\u00edcio","item":"https:\/\/reshi.com.br\/"},{"@type":"ListItem","position":2,"name":"RESHI &#8211; El\u00e9trica Inteligente"}]},{"@type":"WebSite","@id":"https:\/\/reshi.com.br\/#website","url":"https:\/\/reshi.com.br\/","name":"RESHI El\u00e9trica Inteligente","description":"","potentialAction":[{"@type":"SearchAction","target":{"@type":"EntryPoint","urlTemplate":"https:\/\/reshi.com.br\/?s={search_term_string}"},"query-input":{"@type":"PropertyValueSpecification","valueRequired":true,"valueName":"search_term_string"}}],"inLanguage":"pt-BR"}]}},"_links":{"self":[{"href":"https:\/\/reshi.com.br\/index.php\/wp-json\/wp\/v2\/pages\/2","targetHints":{"allow":["GET"]}}],"collection":[{"href":"https:\/\/reshi.com.br\/index.php\/wp-json\/wp\/v2\/pages"}],"about":[{"href":"https:\/\/reshi.com.br\/index.php\/wp-json\/wp\/v2\/types\/page"}],"author":[{"embeddable":true,"href":"https:\/\/reshi.com.br\/index.php\/wp-json\/wp\/v2\/users\/1"}],"replies":[{"embeddable":true,"href":"https:\/\/reshi.com.br\/index.php\/wp-json\/wp\/v2\/comments?post=2"}],"version-history":[{"count":3,"href":"https:\/\/reshi.com.br\/index.php\/wp-json\/wp\/v2\/pages\/2\/revisions"}],"predecessor-version":[{"id":15,"href":"https:\/\/reshi.com.br\/index.php\/wp-json\/wp\/v2\/pages\/2\/revisions\/15"}],"wp:featuredmedia":[{"embeddable":true,"href":"https:\/\/reshi.com.br\/index.php\/wp-json\/wp\/v2\/media\/13"}],"wp:attachment":[{"href":"https:\/\/reshi.com.br\/index.php\/wp-json\/wp\/v2\/media?parent=2"}],"curies":[{"name":"wp","href":"https:\/\/api.w.org\/{rel}","templated":true}]}}